{"id":165,"date":"2025-07-01T20:00:20","date_gmt":"2025-07-01T18:00:20","guid":{"rendered":"https:\/\/zukunft.spektral.at\/?page_id=165"},"modified":"2025-09-02T17:30:03","modified_gmt":"2025-09-02T15:30:03","slug":"ueber-uns","status":"publish","type":"page","link":"https:\/\/zukunft.spektral.at\/index.php\/ueber-uns\/","title":{"rendered":"Spektral\n\nLebendiger Freiraum im Herzen von Graz"},"content":{"rendered":"\n<div class=\"wp-block-group alignfull has-global-padding is-layout-constrained wp-container-core-group-is-layout-490fa1db wp-block-group-is-layout-constrained\" style=\"padding-top:var(--wp--preset--spacing--50);padding-right:var(--wp--preset--spacing--50);padding-bottom:var(--wp--preset--spacing--50);padding-left:var(--wp--preset--spacing--50)\">\n<div class=\"wp-block-group has-global-padding is-layout-constrained wp-container-core-group-is-layout-650790e1 wp-block-group-is-layout-constrained\">\n<h1 class=\"wp-block-heading has-text-align-center has-x-large-font-size\">Freiraum<br>im Herzen von Graz<\/h1>\n\n\n\n<div style=\"height:1.25rem\" aria-hidden=\"true\" class=\"wp-block-spacer\"><\/div>\n\n\n\n<p class=\"has-text-align-center\">Seit seiner Gr\u00fcndung im Jahr 2004 hat sich das <a href=\"https:\/\/spektral.at\/\">Spektral<\/a> in Graz als bedeutender, nicht-kommerzieller Freiraum f\u00fcr <strong>kulturelle, soziale und k\u00fcnstlerische Projekte <\/strong>etabliert. Getragen vom Verein <em>freefutureforces<\/em>, bietet das Spektral eine offene Plattform f\u00fcr Menschen, die ihre Ideen abseits von Konsumzwang verwirklichen m\u00f6chten. <strong>Gesellschaftspolitische Initiativen<\/strong>, Workshops, Konzerte, Filmvorf\u00fchrungen, &#8230; das Spektral versteht sich als einladender Ort f\u00fcr kreative Entfaltung und Gemeinschaft.<\/p>\n<\/div>\n\n\n\n<figure class=\"wp-block-image alignwide size-full is-style-rounded is-style-rounded--1\"><img loading=\"lazy\" decoding=\"async\" width=\"2560\" height=\"1920\" src=\"https:\/\/zukunft.spektral.at\/wp-content\/uploads\/2025\/06\/4096-3072-max-scaled.jpg\" alt=\"\" class=\"wp-image-173\" srcset=\"https:\/\/zukunft.spektral.at\/wp-content\/uploads\/2025\/06\/4096-3072-max-scaled.jpg 2560w, https:\/\/zukunft.spektral.at\/wp-content\/uploads\/2025\/06\/4096-3072-max-300x225.jpg 300w, https:\/\/zukunft.spektral.at\/wp-content\/uploads\/2025\/06\/4096-3072-max-1024x768.jpg 1024w, https:\/\/zukunft.spektral.at\/wp-content\/uploads\/2025\/06\/4096-3072-max-768x576.jpg 768w, https:\/\/zukunft.spektral.at\/wp-content\/uploads\/2025\/06\/4096-3072-max-1536x1152.jpg 1536w, https:\/\/zukunft.spektral.at\/wp-content\/uploads\/2025\/06\/4096-3072-max-2048x1536.jpg 2048w\" sizes=\"auto, (max-width: 2560px) 100vw, 2560px\" \/><\/figure>\n<\/div>\n\n\n\n<div class=\"wp-block-group alignfull has-base-2-background-color has-background has-global-padding is-layout-constrained wp-container-core-group-is-layout-669513ed wp-block-group-is-layout-constrained\" style=\"margin-top:0;margin-bottom:0;padding-top:var(--wp--preset--spacing--50);padding-right:var(--wp--preset--spacing--50);padding-bottom:var(--wp--preset--spacing--50);padding-left:var(--wp--preset--spacing--50)\">\n<div class=\"wp-block-group is-vertical is-content-justification-center is-layout-flex wp-container-core-group-is-layout-52b864f0 wp-block-group-is-layout-flex\">\n<h2 class=\"wp-block-heading has-text-align-center is-style-asterisk\">Entstehung und Philosophie<\/h2>\n\n\n\n<div style=\"height:0px\" aria-hidden=\"true\" class=\"wp-block-spacer wp-container-content-4f2ccadb\"><\/div>\n\n\n\n<p class=\"has-text-align-center\">Eine kleine Gruppe engagierter Menschen suchte nach erschwinglichen R\u00e4umen einen nicht-kommerzieller Gemeinschaftsraum, der f\u00fcr Workshops und vielf\u00e4ltige Veranstaltungen und nicht prim\u00e4r als Partylocation dienen sollte. 2004 fand die Gruppe geeignete R\u00e4umlichkeiten in einem Mehrparteienhaus: Der Lendkai 45 konnte durch eine Vereinbarung mit dem Vermieter f\u00fcr eine reduzierte Miete gegen Instandhaltung dank st\u00e4dtischer F\u00f6rderung bezogen werden. Von Beginn an war das Spektral ein Experimentierfeld f\u00fcr alternative Organisationsformen, ein gesch\u00fctzter Raum f\u00fcr freies Gestalten ohne Erfolgsdruck. Diese Philosophie pr\u00e4gt das Spektral seit zwei Jahrzehnten als gelungenes Freiraumprojekt.<\/p>\n<\/div>\n<\/div>\n\n\n\n<div class=\"wp-block-group alignfull has-global-padding is-layout-constrained wp-container-core-group-is-layout-d89aad35 wp-block-group-is-layout-constrained\" style=\"margin-top:0;margin-bottom:0;padding-top:var(--wp--preset--spacing--50);padding-right:var(--wp--preset--spacing--50);padding-bottom:var(--wp--preset--spacing--50);padding-left:var(--wp--preset--spacing--50)\">\n<div class=\"wp-block-group alignwide has-global-padding is-layout-constrained wp-container-core-group-is-layout-19e250f3 wp-block-group-is-layout-constrained\">\n<div class=\"wp-block-group is-vertical is-content-justification-center is-layout-flex wp-container-core-group-is-layout-6329a8f3 wp-block-group-is-layout-flex\">\n<h2 class=\"wp-block-heading has-text-align-center is-style-asterisk\">R\u00e4umlichkeiten und Nutzung<\/h2>\n\n\n\n<p class=\"has-text-align-center\">Auf rund 300 Quadratmetern im Erdgeschoss und Keller bietet das Spektral eine flexible Infrastruktur. Das Spektral ist f\u00fcr alle offen. Eine Vereinsmitgliedschaft ist <strong>kostenlos <\/strong>und die Nutzung basiert auf freiwilligen Spenden.<\/p>\n<\/div>\n\n\n\n<p><\/p>\n\n\n\n<div class=\"wp-block-columns alignwide is-layout-flex wp-container-core-columns-is-layout-d1c656ed wp-block-columns-is-layout-flex\">\n<div class=\"wp-block-column is-vertically-aligned-center is-layout-flow wp-block-column-is-layout-flow\" style=\"flex-basis:40%\">\n<h3 class=\"wp-block-heading has-text-align-left is-style-default\">Kulturcaf\u00e9<\/h3>\n\n\n\n<ul style=\"line-height:1.75\" class=\"wp-block-list is-style-checkmark-list\">\n<li>Zentraler Veranstaltungsraum<\/li>\n\n\n\n<li>Diskussionen, Konzerte und mehr<\/li>\n<\/ul>\n<\/div>\n\n\n\n<div class=\"wp-block-column is-layout-flow wp-block-column-is-layout-flow\" style=\"flex-basis:50%\">\n<figure class=\"wp-block-image size-large is-style-rounded is-style-rounded--2\"><img loading=\"lazy\" decoding=\"async\" width=\"1024\" height=\"768\" src=\"https:\/\/zukunft.spektral.at\/wp-content\/uploads\/2025\/07\/20231015_200001-1024x768.jpg\" alt=\"\" class=\"wp-image-296\" srcset=\"https:\/\/zukunft.spektral.at\/wp-content\/uploads\/2025\/07\/20231015_200001-1024x768.jpg 1024w, https:\/\/zukunft.spektral.at\/wp-content\/uploads\/2025\/07\/20231015_200001-300x225.jpg 300w, https:\/\/zukunft.spektral.at\/wp-content\/uploads\/2025\/07\/20231015_200001-768x576.jpg 768w, https:\/\/zukunft.spektral.at\/wp-content\/uploads\/2025\/07\/20231015_200001-1536x1152.jpg 1536w, https:\/\/zukunft.spektral.at\/wp-content\/uploads\/2025\/07\/20231015_200001-2048x1536.jpg 2048w\" sizes=\"auto, (max-width: 1024px) 100vw, 1024px\" \/><\/figure>\n<\/div>\n<\/div>\n\n\n\n<div class=\"wp-block-columns alignwide is-layout-flex wp-container-core-columns-is-layout-d1c656ed wp-block-columns-is-layout-flex\">\n<div class=\"wp-block-column is-layout-flow wp-block-column-is-layout-flow\" style=\"flex-basis:50%\">\n<figure class=\"wp-block-image size-large is-style-rounded is-style-rounded--3\"><img loading=\"lazy\" decoding=\"async\" width=\"1024\" height=\"576\" src=\"https:\/\/zukunft.spektral.at\/wp-content\/uploads\/2025\/07\/DSC_0899-1-1024x576.jpg\" alt=\"\" class=\"wp-image-294\" srcset=\"https:\/\/zukunft.spektral.at\/wp-content\/uploads\/2025\/07\/DSC_0899-1-1024x576.jpg 1024w, https:\/\/zukunft.spektral.at\/wp-content\/uploads\/2025\/07\/DSC_0899-1-300x169.jpg 300w, https:\/\/zukunft.spektral.at\/wp-content\/uploads\/2025\/07\/DSC_0899-1-768x432.jpg 768w, https:\/\/zukunft.spektral.at\/wp-content\/uploads\/2025\/07\/DSC_0899-1-1536x864.jpg 1536w, https:\/\/zukunft.spektral.at\/wp-content\/uploads\/2025\/07\/DSC_0899-1-2048x1152.jpg 2048w\" sizes=\"auto, (max-width: 1024px) 100vw, 1024px\" \/><\/figure>\n<\/div>\n\n\n\n<div class=\"wp-block-column is-vertically-aligned-center is-layout-flow wp-block-column-is-layout-flow\" style=\"flex-basis:40%\">\n<h3 class=\"wp-block-heading is-style-default\">K\u00fcche<\/h3>\n\n\n\n<ul style=\"line-height:1.75\" class=\"wp-block-list is-style-checkmark-list\">\n<li>voll ausgestattet<\/li>\n<\/ul>\n<\/div>\n<\/div>\n\n\n\n<p><\/p>\n\n\n\n<div class=\"wp-block-columns alignwide is-layout-flex wp-container-core-columns-is-layout-d1c656ed wp-block-columns-is-layout-flex\">\n<div class=\"wp-block-column is-vertically-aligned-center is-layout-flow wp-block-column-is-layout-flow\" style=\"flex-basis:40%\">\n<h3 class=\"wp-block-heading is-style-default\">B\u00fcro<\/h3>\n\n\n\n<ul style=\"line-height:1.75\" class=\"wp-block-list is-style-checkmark-list\">\n<li>Gemeinschaftsb\u00fcro<\/li>\n\n\n\n<li>technische Ausstattung<\/li>\n<\/ul>\n<\/div>\n\n\n\n<div class=\"wp-block-column is-layout-flow wp-block-column-is-layout-flow\" style=\"flex-basis:50%\">\n<figure class=\"wp-block-image size-full is-style-rounded is-style-rounded--4\"><img loading=\"lazy\" decoding=\"async\" width=\"1000\" height=\"667\" src=\"https:\/\/zukunft.spektral.at\/wp-content\/uploads\/2025\/07\/buero.jpg\" alt=\"\" class=\"wp-image-300\" srcset=\"https:\/\/zukunft.spektral.at\/wp-content\/uploads\/2025\/07\/buero.jpg 1000w, https:\/\/zukunft.spektral.at\/wp-content\/uploads\/2025\/07\/buero-300x200.jpg 300w, https:\/\/zukunft.spektral.at\/wp-content\/uploads\/2025\/07\/buero-768x512.jpg 768w\" sizes=\"auto, (max-width: 1000px) 100vw, 1000px\" \/><\/figure>\n<\/div>\n<\/div>\n\n\n\n<div class=\"wp-block-columns alignwide is-layout-flex wp-container-core-columns-is-layout-d1c656ed wp-block-columns-is-layout-flex\">\n<div class=\"wp-block-column is-layout-flow wp-block-column-is-layout-flow\" style=\"flex-basis:50%\">\n<figure class=\"wp-block-image size-large is-style-rounded is-style-rounded--5\"><img loading=\"lazy\" decoding=\"async\" width=\"1024\" height=\"683\" src=\"https:\/\/zukunft.spektral.at\/wp-content\/uploads\/2025\/07\/umverteiler-1024x683.jpg\" alt=\"\" class=\"wp-image-285\" srcset=\"https:\/\/zukunft.spektral.at\/wp-content\/uploads\/2025\/07\/umverteiler-1024x683.jpg 1024w, https:\/\/zukunft.spektral.at\/wp-content\/uploads\/2025\/07\/umverteiler-300x200.jpg 300w, https:\/\/zukunft.spektral.at\/wp-content\/uploads\/2025\/07\/umverteiler-768x512.jpg 768w, https:\/\/zukunft.spektral.at\/wp-content\/uploads\/2025\/07\/umverteiler.jpg 1200w\" sizes=\"auto, (max-width: 1024px) 100vw, 1024px\" \/><\/figure>\n<\/div>\n\n\n\n<div class=\"wp-block-column is-vertically-aligned-center is-layout-flow wp-block-column-is-layout-flow\" style=\"flex-basis:40%\">\n<h3 class=\"wp-block-heading is-style-default\">Umverteiler<\/h3>\n\n\n\n<ul style=\"line-height:1.75\" class=\"wp-block-list is-style-checkmark-list\">\n<li>Gro\u00dfes Umverteilereck<\/li>\n\n\n\n<li>Gebrauchsgegenst\u00e4nde, Kleidung und mehr<\/li>\n\n\n\n<li>mitbringen, was nicht mehr gebraucht wird<\/li>\n\n\n\n<li>mitnehmen, was gef\u00e4llt<\/li>\n<\/ul>\n<\/div>\n<\/div>\n\n\n\n<p><\/p>\n\n\n\n<div class=\"wp-block-columns alignwide is-layout-flex wp-container-core-columns-is-layout-d1c656ed wp-block-columns-is-layout-flex\">\n<div class=\"wp-block-column is-vertically-aligned-center is-layout-flow wp-block-column-is-layout-flow\" style=\"flex-basis:40%\">\n<h3 class=\"wp-block-heading is-style-default\"><a href=\"https:\/\/traumwerk.mur.at\/\" data-type=\"link\" data-id=\"https:\/\/traumwerk.mur.at\/\">Traumwerk<\/a><\/h3>\n\n\n\n<ul style=\"line-height:1.75\" class=\"wp-block-list is-style-checkmark-list\">\n<li>offene Gemeinschafts-Werkstatt<\/li>\n\n\n\n<li>gemeinn\u00fctziger, nicht kommerzieller Verein<\/li>\n\n\n\n<li>handwerkliche und k\u00fcnstlerische T\u00e4tigkeiten<\/li>\n<\/ul>\n<\/div>\n\n\n\n<div class=\"wp-block-column is-layout-flow wp-block-column-is-layout-flow\" style=\"flex-basis:50%\">\n<figure class=\"wp-block-image size-large is-style-rounded is-style-rounded--6\"><img loading=\"lazy\" decoding=\"async\" width=\"768\" height=\"1024\" src=\"https:\/\/zukunft.spektral.at\/wp-content\/uploads\/2025\/07\/IMG_20241022_184702-1-768x1024.jpg\" alt=\"\" class=\"wp-image-292\" srcset=\"https:\/\/zukunft.spektral.at\/wp-content\/uploads\/2025\/07\/IMG_20241022_184702-1-768x1024.jpg 768w, https:\/\/zukunft.spektral.at\/wp-content\/uploads\/2025\/07\/IMG_20241022_184702-1-225x300.jpg 225w, https:\/\/zukunft.spektral.at\/wp-content\/uploads\/2025\/07\/IMG_20241022_184702-1-1152x1536.jpg 1152w, https:\/\/zukunft.spektral.at\/wp-content\/uploads\/2025\/07\/IMG_20241022_184702-1-1536x2048.jpg 1536w, https:\/\/zukunft.spektral.at\/wp-content\/uploads\/2025\/07\/IMG_20241022_184702-1-scaled.jpg 1920w\" sizes=\"auto, (max-width: 768px) 100vw, 768px\" \/><\/figure>\n<\/div>\n<\/div>\n\n\n\n<p><\/p>\n\n\n\n<div class=\"wp-block-columns alignwide is-layout-flex wp-container-core-columns-is-layout-d1c656ed wp-block-columns-is-layout-flex\">\n<div class=\"wp-block-column is-layout-flow wp-block-column-is-layout-flow\" style=\"flex-basis:50%\">\n<figure class=\"wp-block-image size-large is-style-rounded is-style-rounded--7\"><img loading=\"lazy\" decoding=\"async\" width=\"1024\" height=\"768\" src=\"https:\/\/zukunft.spektral.at\/wp-content\/uploads\/2025\/07\/Galerie-1024x768.jpg\" alt=\"\" class=\"wp-image-299\" srcset=\"https:\/\/zukunft.spektral.at\/wp-content\/uploads\/2025\/07\/Galerie-1024x768.jpg 1024w, https:\/\/zukunft.spektral.at\/wp-content\/uploads\/2025\/07\/Galerie-300x225.jpg 300w, https:\/\/zukunft.spektral.at\/wp-content\/uploads\/2025\/07\/Galerie-768x576.jpg 768w, https:\/\/zukunft.spektral.at\/wp-content\/uploads\/2025\/07\/Galerie-1536x1152.jpg 1536w, https:\/\/zukunft.spektral.at\/wp-content\/uploads\/2025\/07\/Galerie-2048x1536.jpg 2048w\" sizes=\"auto, (max-width: 1024px) 100vw, 1024px\" \/><\/figure>\n<\/div>\n\n\n\n<div class=\"wp-block-column is-vertically-aligned-center is-layout-flow wp-block-column-is-layout-flow\" style=\"flex-basis:40%\">\n<h3 class=\"wp-block-heading is-style-default\">Galerie<\/h3>\n\n\n\n<ul style=\"line-height:1.75\" class=\"wp-block-list is-style-checkmark-list\">\n<li>Multifunktionsraum<\/li>\n\n\n\n<li>Proben, Workshops, Vereinstreffen und mehr<\/li>\n<\/ul>\n<\/div>\n<\/div>\n\n\n\n<h2 class=\"wp-block-heading\"><\/h2>\n\n\n\n<div class=\"wp-block-columns alignwide is-layout-flex wp-container-core-columns-is-layout-d1c656ed wp-block-columns-is-layout-flex\">\n<div class=\"wp-block-column is-vertically-aligned-center is-layout-flow wp-block-column-is-layout-flow\" style=\"flex-basis:40%\">\n<h3 class=\"wp-block-heading is-style-default\">Prisma &#8211; Medienraum<\/h3>\n\n\n\n<ul style=\"line-height:1.75\" class=\"wp-block-list is-style-checkmark-list\">\n<li>Audioproduktion und Postproduktion<\/li>\n\n\n\n<li>kreativ Arbeitsplatz und Ort der Inspiration<\/li>\n\n\n\n<li>f\u00fcr K\u00fcnstler:innen und Produzent:innen<\/li>\n<\/ul>\n<\/div>\n\n\n\n<div class=\"wp-block-column is-layout-flow wp-block-column-is-layout-flow\" style=\"flex-basis:50%\">\n<figure class=\"wp-block-image size-large is-style-rounded is-style-rounded--8\"><img loading=\"lazy\" decoding=\"async\" width=\"1024\" height=\"683\" src=\"https:\/\/zukunft.spektral.at\/wp-content\/uploads\/2025\/07\/Medienraum-1024x683.jpg\" alt=\"\" class=\"wp-image-298\" srcset=\"https:\/\/zukunft.spektral.at\/wp-content\/uploads\/2025\/07\/Medienraum-1024x683.jpg 1024w, https:\/\/zukunft.spektral.at\/wp-content\/uploads\/2025\/07\/Medienraum-300x200.jpg 300w, https:\/\/zukunft.spektral.at\/wp-content\/uploads\/2025\/07\/Medienraum-768x512.jpg 768w, https:\/\/zukunft.spektral.at\/wp-content\/uploads\/2025\/07\/Medienraum-1536x1024.jpg 1536w, https:\/\/zukunft.spektral.at\/wp-content\/uploads\/2025\/07\/Medienraum-2048x1365.jpg 2048w\" sizes=\"auto, (max-width: 1024px) 100vw, 1024px\" \/><\/figure>\n<\/div>\n<\/div>\n<\/div>\n<\/div>\n\n\n\n<div class=\"wp-block-group alignfull has-base-2-background-color has-background has-global-padding is-layout-constrained wp-container-core-group-is-layout-669513ed wp-block-group-is-layout-constrained\" style=\"margin-top:0;margin-bottom:0;padding-top:var(--wp--preset--spacing--50);padding-right:var(--wp--preset--spacing--50);padding-bottom:var(--wp--preset--spacing--50);padding-left:var(--wp--preset--spacing--50)\">\n<div class=\"wp-block-group is-vertical is-content-justification-center is-layout-flex wp-container-core-group-is-layout-52b864f0 wp-block-group-is-layout-flex\">\n<h2 class=\"wp-block-heading has-text-align-center is-style-asterisk\">Vernetzung und Struktur<\/h2>\n\n\n\n<div style=\"height:0px\" aria-hidden=\"true\" class=\"wp-block-spacer wp-container-content-4f2ccadb\"><\/div>\n\n\n\n<p class=\"has-text-align-center\">Die Vernetzung mit anderen Grazer Initiativen ist zentral, Kooperationen bestehen etwa mit <a href=\"https:\/\/helsinki.at\/\" data-type=\"link\" data-id=\"https:\/\/helsinki.at\/\">Radio Helsinki<\/a> und dem <a href=\"https:\/\/elevate.at\/de\/\">Elevate Festival<\/a>. Der betreibende Verein <em>freefutureforces<\/em> wird von einem ehrenamtlichen Vorstand getragen. Dank F\u00f6rdergeldern sind eine geringf\u00fcgige Kraft f\u00fcr Administration und eine Reinigungskraft angestellt. Trotz rund 280 Mitgliedern steht der Verein vor Herausforderungen in der Finanzierung (kurzfristige F\u00f6rderzyklen) und der Nachwuchsgewinnung f\u00fcr organisatorische Aufgaben.<\/p>\n<\/div>\n<\/div>\n\n\n\n<div class=\"wp-block-group alignfull has-global-padding is-layout-constrained wp-container-core-group-is-layout-d89aad35 wp-block-group-is-layout-constrained\" style=\"margin-top:0;margin-bottom:0;padding-top:var(--wp--preset--spacing--50);padding-right:var(--wp--preset--spacing--50);padding-bottom:var(--wp--preset--spacing--50);padding-left:var(--wp--preset--spacing--50)\">\n<div class=\"wp-block-group alignwide has-global-padding is-layout-constrained wp-container-core-group-is-layout-19e250f3 wp-block-group-is-layout-constrained\">\n<div class=\"wp-block-group is-vertical is-content-justification-center is-layout-flex wp-container-core-group-is-layout-6329a8f3 wp-block-group-is-layout-flex\">\n<h2 class=\"wp-block-heading has-text-align-center\">Aktuelles<\/h2>\n\n\n\n<p class=\"has-text-align-center\">Die Ank\u00fcndigung des Vermieters, die R\u00e4umlichkeiten verkaufen zu wollen, gab im Herbst 2024 Anlass zum Aufschrei. Der aktuelle Mietvertrag l\u00e4uft Ende 2026 aus und ein neuer Eigent\u00fcmer k\u00f6nnte uns vor die T\u00fcr setzen. Eine neue Gruppe engagierter Spektralnutzer*innen fand sich und will diesen Moment als Chance wahrnehmen, die R\u00e4umlichkeiten mittels Crowdfinanzierung selbst zu kaufen. So k\u00f6nnte die Zukunft des Spektrals als kultureller, solidarischer Raum am Lendkai 45 gesichert werden. Abgesehen von Spenden k\u00f6nnen daf\u00fcr auch <a href=\"https:\/\/zukunft.spektral.at\/index.php\/downloads\/\">Kredite<\/a> gew\u00e4hrt werden, die der Spektral Vermieter Verein \u00fcber die n\u00e4chsten Jahre hinweg nach und nach zur\u00fcckzahlt.<\/p>\n<\/div>\n<\/div>\n<\/div>\n","protected":false},"excerpt":{"rendered":"<p>Freiraumim Herzen von Graz Seit seiner Gr\u00fcndung im Jahr 2004 hat sich das Spektral in Graz als bedeutender, nicht-kommerzieller Freiraum f\u00fcr kulturelle, soziale und k\u00fcnstlerische Projekte etabliert. Getragen vom Verein freefutureforces, bietet das Spektral eine offene Plattform f\u00fcr Menschen, die ihre Ideen abseits von Konsumzwang verwirklichen m\u00f6chten. Gesellschaftspolitische Initiativen, Workshops, Konzerte, Filmvorf\u00fchrungen, &#8230; das Spektral [&hellip;]<\/p>\n","protected":false},"author":1,"featured_media":0,"parent":0,"menu_order":0,"comment_status":"closed","ping_status":"closed","template":"page-no-title","meta":{"footnotes":""},"class_list":["post-165","page","type-page","status-publish","hentry"],"_links":{"self":[{"href":"https:\/\/zukunft.spektral.at\/index.php\/wp-json\/wp\/v2\/pages\/165","targetHints":{"allow":["GET"]}}],"collection":[{"href":"https:\/\/zukunft.spektral.at\/index.php\/wp-json\/wp\/v2\/pages"}],"about":[{"href":"https:\/\/zukunft.spektral.at\/index.php\/wp-json\/wp\/v2\/types\/page"}],"author":[{"embeddable":true,"href":"https:\/\/zukunft.spektral.at\/index.php\/wp-json\/wp\/v2\/users\/1"}],"replies":[{"embeddable":true,"href":"https:\/\/zukunft.spektral.at\/index.php\/wp-json\/wp\/v2\/comments?post=165"}],"version-history":[{"count":13,"href":"https:\/\/zukunft.spektral.at\/index.php\/wp-json\/wp\/v2\/pages\/165\/revisions"}],"predecessor-version":[{"id":386,"href":"https:\/\/zukunft.spektral.at\/index.php\/wp-json\/wp\/v2\/pages\/165\/revisions\/386"}],"wp:attachment":[{"href":"https:\/\/zukunft.spektral.at\/index.php\/wp-json\/wp\/v2\/media?parent=165"}],"curies":[{"name":"wp","href":"https:\/\/api.w.org\/{rel}","templated":true}]}}